{"id":1759,"date":"2023-11-15T12:09:47","date_gmt":"2023-11-15T12:09:47","guid":{"rendered":"https:\/\/underconstruction.manual.to\/a-propos-de-nous\/"},"modified":"2026-02-04T19:08:00","modified_gmt":"2026-02-04T19:08:00","slug":"a-propos-de-nous","status":"publish","type":"page","link":"https:\/\/manual.to\/fr\/a-propos-de-nous\/","title":{"rendered":"A propos de nous"},"content":{"rendered":"","protected":false},"excerpt":{"rendered":"","protected":false},"author":10,"featured_media":1785,"parent":0,"menu_order":0,"comment_status":"closed","ping_status":"closed","template":"page-templates\/about-us.php","meta":{"_acf_changed":false,"footnotes":""},"class_list":["post-1759","page","type-page","status-publish","has-post-thumbnail","hentry"],"acf":[],"yoast_head":"<!-- This site is optimized with the Yoast SEO Premium plugin v27.1 (Yoast SEO v27.3) - https:\/\/yoast.com\/product\/yoast-seo-premium-wordpress\/ -->\n<title>\u00c0 propos de Manual.to - Votre partenaire en instructions de travail digitales<\/title>\n<meta name=\"description\" content=\"D\u00e9couvrez Manual.to, votre partenaire de confiance pour les solutions d&#039;instructions de travail num\u00e9riques. D\u00e9couvrez notre engagement envers l&#039;efficacit\u00e9 et l&#039;innovation.\" \/>\n<meta name=\"robots\" content=\"index, follow, max-snippet:-1, max-image-preview:large, max-video-preview:-1\" \/>\n<link rel=\"canonical\" href=\"https:\/\/manual.to\/fr\/a-propos-de-nous\/\" \/>\n<meta property=\"og:locale\" content=\"fr_FR\" \/>\n<meta property=\"og:type\" content=\"article\" \/>\n<meta property=\"og:title\" content=\"A propos de nous\" \/>\n<meta property=\"og:description\" content=\"D\u00e9couvrez Manual.to, votre partenaire de confiance pour les solutions d&#039;instructions de travail num\u00e9riques. D\u00e9couvrez notre engagement envers l&#039;efficacit\u00e9 et l&#039;innovation.\" \/>\n<meta property=\"og:url\" content=\"https:\/\/manual.to\/fr\/a-propos-de-nous\/\" \/>\n<meta property=\"og:site_name\" content=\"Manual.to\" \/>\n<meta property=\"article:publisher\" content=\"https:\/\/www.facebook.com\/www.manual.to\" \/>\n<meta property=\"article:modified_time\" content=\"2026-02-04T19:08:00+00:00\" \/>\n<meta property=\"og:image\" content=\"https:\/\/manual.to\/wp-content\/uploads\/2023\/12\/About-Us-Long-Photo-Option-1.png\" \/>\n\t<meta property=\"og:image:width\" content=\"1400\" \/>\n\t<meta property=\"og:image:height\" content=\"600\" \/>\n\t<meta property=\"og:image:type\" content=\"image\/png\" \/>\n<meta name=\"twitter:card\" content=\"summary_large_image\" \/>\n<meta name=\"twitter:site\" content=\"@manual_to\" \/>\n<meta name=\"twitter:label1\" content=\"Dur\u00e9e de lecture estim\u00e9e\" \/>\n\t<meta name=\"twitter:data1\" content=\"3 minutes\" \/>\n<script type=\"application\/ld+json\" class=\"yoast-schema-graph\">{\"@context\":\"https:\\\/\\\/schema.org\",\"@graph\":[{\"@type\":\"WebPage\",\"@id\":\"https:\\\/\\\/manual.to\\\/fr\\\/a-propos-de-nous\\\/\",\"url\":\"https:\\\/\\\/manual.to\\\/fr\\\/a-propos-de-nous\\\/\",\"name\":\"\u00c0 propos de Manual.to - Votre partenaire en instructions de travail digitales\",\"isPartOf\":{\"@id\":\"https:\\\/\\\/manual.to\\\/fr\\\/#website\"},\"primaryImageOfPage\":{\"@id\":\"https:\\\/\\\/manual.to\\\/fr\\\/a-propos-de-nous\\\/#primaryimage\"},\"image\":{\"@id\":\"https:\\\/\\\/manual.to\\\/fr\\\/a-propos-de-nous\\\/#primaryimage\"},\"thumbnailUrl\":\"https:\\\/\\\/manual.to\\\/wp-content\\\/uploads\\\/2023\\\/12\\\/About-Us-Long-Photo-Option-1.png\",\"datePublished\":\"2023-11-15T12:09:47+00:00\",\"dateModified\":\"2026-02-04T19:08:00+00:00\",\"description\":\"D\u00e9couvrez Manual.to, votre partenaire de confiance pour les solutions d'instructions de travail num\u00e9riques. D\u00e9couvrez notre engagement envers l'efficacit\u00e9 et l'innovation.\",\"breadcrumb\":{\"@id\":\"https:\\\/\\\/manual.to\\\/fr\\\/a-propos-de-nous\\\/#breadcrumb\"},\"inLanguage\":\"fr-FR\",\"potentialAction\":[{\"@type\":\"ReadAction\",\"target\":[\"https:\\\/\\\/manual.to\\\/fr\\\/a-propos-de-nous\\\/\"]}]},{\"@type\":\"ImageObject\",\"inLanguage\":\"fr-FR\",\"@id\":\"https:\\\/\\\/manual.to\\\/fr\\\/a-propos-de-nous\\\/#primaryimage\",\"url\":\"https:\\\/\\\/manual.to\\\/wp-content\\\/uploads\\\/2023\\\/12\\\/About-Us-Long-Photo-Option-1.png\",\"contentUrl\":\"https:\\\/\\\/manual.to\\\/wp-content\\\/uploads\\\/2023\\\/12\\\/About-Us-Long-Photo-Option-1.png\",\"width\":1400,\"height\":600},{\"@type\":\"BreadcrumbList\",\"@id\":\"https:\\\/\\\/manual.to\\\/fr\\\/a-propos-de-nous\\\/#breadcrumb\",\"itemListElement\":[{\"@type\":\"ListItem\",\"position\":1,\"name\":\"Home\",\"item\":\"https:\\\/\\\/manual.to\\\/fr\\\/\"},{\"@type\":\"ListItem\",\"position\":2,\"name\":\"A propos de nous\"}]},{\"@type\":\"WebSite\",\"@id\":\"https:\\\/\\\/manual.to\\\/fr\\\/#website\",\"url\":\"https:\\\/\\\/manual.to\\\/fr\\\/\",\"name\":\"Manual.to\",\"description\":\"Instant Know How\",\"publisher\":{\"@id\":\"https:\\\/\\\/manual.to\\\/fr\\\/#organization\"},\"potentialAction\":[{\"@type\":\"SearchAction\",\"target\":{\"@type\":\"EntryPoint\",\"urlTemplate\":\"https:\\\/\\\/manual.to\\\/fr\\\/?s={search_term_string}\"},\"query-input\":{\"@type\":\"PropertyValueSpecification\",\"valueRequired\":true,\"valueName\":\"search_term_string\"}}],\"inLanguage\":\"fr-FR\"},{\"@type\":\"Organization\",\"@id\":\"https:\\\/\\\/manual.to\\\/fr\\\/#organization\",\"name\":\"Manual.to\",\"url\":\"https:\\\/\\\/manual.to\\\/fr\\\/\",\"logo\":{\"@type\":\"ImageObject\",\"inLanguage\":\"fr-FR\",\"@id\":\"https:\\\/\\\/manual.to\\\/fr\\\/#\\\/schema\\\/logo\\\/image\\\/\",\"url\":\"https:\\\/\\\/manual.to\\\/wp-content\\\/uploads\\\/2023\\\/10\\\/manual-footer-logo.svg\",\"contentUrl\":\"https:\\\/\\\/manual.to\\\/wp-content\\\/uploads\\\/2023\\\/10\\\/manual-footer-logo.svg\",\"width\":162,\"height\":34,\"caption\":\"Manual.to\"},\"image\":{\"@id\":\"https:\\\/\\\/manual.to\\\/fr\\\/#\\\/schema\\\/logo\\\/image\\\/\"},\"sameAs\":[\"https:\\\/\\\/www.facebook.com\\\/www.manual.to\",\"https:\\\/\\\/x.com\\\/manual_to\",\"https:\\\/\\\/www.instagram.com\\\/manual.to\\\/\",\"https:\\\/\\\/www.linkedin.com\\\/company\\\/manual.to\\\/\",\"https:\\\/\\\/www.youtube.com\\\/@manualto\"]}]}<\/script>\n<!-- \/ Yoast SEO Premium plugin. -->","yoast_head_json":{"title":"\u00c0 propos de Manual.to - Votre partenaire en instructions de travail digitales","description":"D\u00e9couvrez Manual.to, votre partenaire de confiance pour les solutions d'instructions de travail num\u00e9riques. D\u00e9couvrez notre engagement envers l'efficacit\u00e9 et l'innovation.","robots":{"index":"index","follow":"follow","max-snippet":"max-snippet:-1","max-image-preview":"max-image-preview:large","max-video-preview":"max-video-preview:-1"},"canonical":"https:\/\/manual.to\/fr\/a-propos-de-nous\/","og_locale":"fr_FR","og_type":"article","og_title":"A propos de nous","og_description":"D\u00e9couvrez Manual.to, votre partenaire de confiance pour les solutions d'instructions de travail num\u00e9riques. D\u00e9couvrez notre engagement envers l'efficacit\u00e9 et l'innovation.","og_url":"https:\/\/manual.to\/fr\/a-propos-de-nous\/","og_site_name":"Manual.to","article_publisher":"https:\/\/www.facebook.com\/www.manual.to","article_modified_time":"2026-02-04T19:08:00+00:00","og_image":[{"width":1400,"height":600,"url":"https:\/\/manual.to\/wp-content\/uploads\/2023\/12\/About-Us-Long-Photo-Option-1.png","type":"image\/png"}],"twitter_card":"summary_large_image","twitter_site":"@manual_to","twitter_misc":{"Dur\u00e9e de lecture estim\u00e9e":"3 minutes"},"schema":{"@context":"https:\/\/schema.org","@graph":[{"@type":"WebPage","@id":"https:\/\/manual.to\/fr\/a-propos-de-nous\/","url":"https:\/\/manual.to\/fr\/a-propos-de-nous\/","name":"\u00c0 propos de Manual.to - Votre partenaire en instructions de travail digitales","isPartOf":{"@id":"https:\/\/manual.to\/fr\/#website"},"primaryImageOfPage":{"@id":"https:\/\/manual.to\/fr\/a-propos-de-nous\/#primaryimage"},"image":{"@id":"https:\/\/manual.to\/fr\/a-propos-de-nous\/#primaryimage"},"thumbnailUrl":"https:\/\/manual.to\/wp-content\/uploads\/2023\/12\/About-Us-Long-Photo-Option-1.png","datePublished":"2023-11-15T12:09:47+00:00","dateModified":"2026-02-04T19:08:00+00:00","description":"D\u00e9couvrez Manual.to, votre partenaire de confiance pour les solutions d'instructions de travail num\u00e9riques. D\u00e9couvrez notre engagement envers l'efficacit\u00e9 et l'innovation.","breadcrumb":{"@id":"https:\/\/manual.to\/fr\/a-propos-de-nous\/#breadcrumb"},"inLanguage":"fr-FR","potentialAction":[{"@type":"ReadAction","target":["https:\/\/manual.to\/fr\/a-propos-de-nous\/"]}]},{"@type":"ImageObject","inLanguage":"fr-FR","@id":"https:\/\/manual.to\/fr\/a-propos-de-nous\/#primaryimage","url":"https:\/\/manual.to\/wp-content\/uploads\/2023\/12\/About-Us-Long-Photo-Option-1.png","contentUrl":"https:\/\/manual.to\/wp-content\/uploads\/2023\/12\/About-Us-Long-Photo-Option-1.png","width":1400,"height":600},{"@type":"BreadcrumbList","@id":"https:\/\/manual.to\/fr\/a-propos-de-nous\/#breadcrumb","itemListElement":[{"@type":"ListItem","position":1,"name":"Home","item":"https:\/\/manual.to\/fr\/"},{"@type":"ListItem","position":2,"name":"A propos de nous"}]},{"@type":"WebSite","@id":"https:\/\/manual.to\/fr\/#website","url":"https:\/\/manual.to\/fr\/","name":"Manual.to","description":"Instant Know How","publisher":{"@id":"https:\/\/manual.to\/fr\/#organization"},"potentialAction":[{"@type":"SearchAction","target":{"@type":"EntryPoint","urlTemplate":"https:\/\/manual.to\/fr\/?s={search_term_string}"},"query-input":{"@type":"PropertyValueSpecification","valueRequired":true,"valueName":"search_term_string"}}],"inLanguage":"fr-FR"},{"@type":"Organization","@id":"https:\/\/manual.to\/fr\/#organization","name":"Manual.to","url":"https:\/\/manual.to\/fr\/","logo":{"@type":"ImageObject","inLanguage":"fr-FR","@id":"https:\/\/manual.to\/fr\/#\/schema\/logo\/image\/","url":"https:\/\/manual.to\/wp-content\/uploads\/2023\/10\/manual-footer-logo.svg","contentUrl":"https:\/\/manual.to\/wp-content\/uploads\/2023\/10\/manual-footer-logo.svg","width":162,"height":34,"caption":"Manual.to"},"image":{"@id":"https:\/\/manual.to\/fr\/#\/schema\/logo\/image\/"},"sameAs":["https:\/\/www.facebook.com\/www.manual.to","https:\/\/x.com\/manual_to","https:\/\/www.instagram.com\/manual.to\/","https:\/\/www.linkedin.com\/company\/manual.to\/","https:\/\/www.youtube.com\/@manualto"]}]}},"_links":{"self":[{"href":"https:\/\/manual.to\/fr\/wp-json\/wp\/v2\/pages\/1759","targetHints":{"allow":["GET"]}}],"collection":[{"href":"https:\/\/manual.to\/fr\/wp-json\/wp\/v2\/pages"}],"about":[{"href":"https:\/\/manual.to\/fr\/wp-json\/wp\/v2\/types\/page"}],"author":[{"embeddable":true,"href":"https:\/\/manual.to\/fr\/wp-json\/wp\/v2\/users\/10"}],"replies":[{"embeddable":true,"href":"https:\/\/manual.to\/fr\/wp-json\/wp\/v2\/comments?post=1759"}],"version-history":[{"count":0,"href":"https:\/\/manual.to\/fr\/wp-json\/wp\/v2\/pages\/1759\/revisions"}],"wp:featuredmedia":[{"embeddable":true,"href":"https:\/\/manual.to\/fr\/wp-json\/wp\/v2\/media\/1785"}],"wp:attachment":[{"href":"https:\/\/manual.to\/fr\/wp-json\/wp\/v2\/media?parent=1759"}],"curies":[{"name":"wp","href":"https:\/\/api.w.org\/{rel}","templated":true}]}}